{"id":219,"date":"2025-05-26T08:22:23","date_gmt":"2025-05-26T08:22:23","guid":{"rendered":"https:\/\/coldbet.website\/hr\/?page_id=219"},"modified":"2025-08-12T07:21:40","modified_gmt":"2025-08-12T07:21:40","slug":"application","status":"publish","type":"page","link":"https:\/\/coldbet.website\/hr\/application\/","title":{"rendered":"Preuzmi"},"content":{"rendered":"","protected":false},"excerpt":{"rendered":"","protected":false},"author":1,"featured_media":0,"parent":0,"menu_order":0,"comment_status":"closed","ping_status":"closed","template":"","meta":{"inline_featured_image":false,"footnotes":""},"class_list":["post-219","page","type-page","status-publish","hentry"],"yoast_head":"<!-- This site is optimized with the Yoast SEO plugin v24.9 - https:\/\/yoast.com\/wordpress\/plugins\/seo\/ -->\n<title>Preuzmite ColdBet \u1433 Kla\u0111enje i kasino uvijek s vama<\/title>\n<meta name=\"description\" content=\"Preuzmite ColdBet za ra\u010dunalo i mobitel: kla\u0111enje, slotovi, brze isplate i ekskluzivni bonusi. Igrajte odakle god \u017eelite.\" \/>\n<meta name=\"robots\" content=\"index, follow, max-snippet:-1, max-image-preview:large, max-video-preview:-1\" \/>\n<meta property=\"og:locale\" content=\"hr_HR\" \/>\n<meta property=\"og:type\" content=\"article\" \/>\n<meta property=\"og:title\" content=\"Preuzmite ColdBet \u1433 Kla\u0111enje i kasino uvijek s vama\" \/>\n<meta property=\"og:description\" content=\"Preuzmite ColdBet za ra\u010dunalo i mobitel: kla\u0111enje, slotovi, brze isplate i ekskluzivni bonusi. Igrajte odakle god \u017eelite.\" \/>\n<meta property=\"og:url\" content=\"https:\/\/coldbet.website\/hr\/application\/\" \/>\n<meta property=\"og:site_name\" content=\"Coldbet Croatia HR\" \/>\n<meta property=\"article:modified_time\" content=\"2025-08-12T07:21:40+00:00\" \/>\n<meta name=\"twitter:card\" content=\"summary_large_image\" \/>\n<script type=\"application\/ld+json\" class=\"yoast-schema-graph\">{\"@context\":\"https:\/\/schema.org\",\"@graph\":[{\"@type\":\"WebPage\",\"@id\":\"https:\/\/coldbet.website\/hr\/application\/\",\"url\":\"https:\/\/coldbet.website\/hr\/application\/\",\"name\":\"Preuzmite ColdBet \u1433 Kla\u0111enje i kasino uvijek s vama\",\"isPartOf\":{\"@id\":\"https:\/\/coldbet.website\/hr\/#website\"},\"datePublished\":\"2025-05-26T08:22:23+00:00\",\"dateModified\":\"2025-08-12T07:21:40+00:00\",\"description\":\"Preuzmite ColdBet za ra\u010dunalo i mobitel: kla\u0111enje, slotovi, brze isplate i ekskluzivni bonusi. Igrajte odakle god \u017eelite.\",\"breadcrumb\":{\"@id\":\"https:\/\/coldbet.website\/hr\/application\/#breadcrumb\"},\"inLanguage\":\"hr\",\"potentialAction\":[{\"@type\":\"ReadAction\",\"target\":[\"https:\/\/coldbet.website\/hr\/application\/\"]}]},{\"@type\":\"BreadcrumbList\",\"@id\":\"https:\/\/coldbet.website\/hr\/application\/#breadcrumb\",\"itemListElement\":[{\"@type\":\"ListItem\",\"position\":1,\"name\":\"\u0413\u043b\u0430\u0432\u043d\u0430\u044f \u0441\u0442\u0440\u0430\u043d\u0438\u0446\u0430\",\"item\":\"https:\/\/coldbet.website\/hr\/\"},{\"@type\":\"ListItem\",\"position\":2,\"name\":\"Preuzmi\"}]},{\"@type\":\"WebSite\",\"@id\":\"https:\/\/coldbet.website\/hr\/#website\",\"url\":\"https:\/\/coldbet.website\/hr\/\",\"name\":\"Coldbet Croatia HR\",\"description\":\"My WordPress Blog\",\"potentialAction\":[{\"@type\":\"SearchAction\",\"target\":{\"@type\":\"EntryPoint\",\"urlTemplate\":\"https:\/\/coldbet.website\/hr\/?s={search_term_string}\"},\"query-input\":{\"@type\":\"PropertyValueSpecification\",\"valueRequired\":true,\"valueName\":\"search_term_string\"}}],\"inLanguage\":\"hr\"}]}<\/script>\n<!-- \/ Yoast SEO plugin. -->","yoast_head_json":{"title":"Preuzmite ColdBet \u1433 Kla\u0111enje i kasino uvijek s vama","description":"Preuzmite ColdBet za ra\u010dunalo i mobitel: kla\u0111enje, slotovi, brze isplate i ekskluzivni bonusi. Igrajte odakle god \u017eelite.","robots":{"index":"index","follow":"follow","max-snippet":"max-snippet:-1","max-image-preview":"max-image-preview:large","max-video-preview":"max-video-preview:-1"},"og_locale":"hr_HR","og_type":"article","og_title":"Preuzmite ColdBet \u1433 Kla\u0111enje i kasino uvijek s vama","og_description":"Preuzmite ColdBet za ra\u010dunalo i mobitel: kla\u0111enje, slotovi, brze isplate i ekskluzivni bonusi. Igrajte odakle god \u017eelite.","og_url":"https:\/\/coldbet.website\/hr\/application\/","og_site_name":"Coldbet Croatia HR","article_modified_time":"2025-08-12T07:21:40+00:00","twitter_card":"summary_large_image","schema":{"@context":"https:\/\/schema.org","@graph":[{"@type":"WebPage","@id":"https:\/\/coldbet.website\/hr\/application\/","url":"https:\/\/coldbet.website\/hr\/application\/","name":"Preuzmite ColdBet \u1433 Kla\u0111enje i kasino uvijek s vama","isPartOf":{"@id":"https:\/\/coldbet.website\/hr\/#website"},"datePublished":"2025-05-26T08:22:23+00:00","dateModified":"2025-08-12T07:21:40+00:00","description":"Preuzmite ColdBet za ra\u010dunalo i mobitel: kla\u0111enje, slotovi, brze isplate i ekskluzivni bonusi. Igrajte odakle god \u017eelite.","breadcrumb":{"@id":"https:\/\/coldbet.website\/hr\/application\/#breadcrumb"},"inLanguage":"hr","potentialAction":[{"@type":"ReadAction","target":["https:\/\/coldbet.website\/hr\/application\/"]}]},{"@type":"BreadcrumbList","@id":"https:\/\/coldbet.website\/hr\/application\/#breadcrumb","itemListElement":[{"@type":"ListItem","position":1,"name":"\u0413\u043b\u0430\u0432\u043d\u0430\u044f \u0441\u0442\u0440\u0430\u043d\u0438\u0446\u0430","item":"https:\/\/coldbet.website\/hr\/"},{"@type":"ListItem","position":2,"name":"Preuzmi"}]},{"@type":"WebSite","@id":"https:\/\/coldbet.website\/hr\/#website","url":"https:\/\/coldbet.website\/hr\/","name":"Coldbet Croatia HR","description":"My WordPress Blog","potentialAction":[{"@type":"SearchAction","target":{"@type":"EntryPoint","urlTemplate":"https:\/\/coldbet.website\/hr\/?s={search_term_string}"},"query-input":{"@type":"PropertyValueSpecification","valueRequired":true,"valueName":"search_term_string"}}],"inLanguage":"hr"}]}},"_links":{"self":[{"href":"https:\/\/coldbet.website\/hr\/wp-json\/wp\/v2\/pages\/219","targetHints":{"allow":["GET"]}}],"collection":[{"href":"https:\/\/coldbet.website\/hr\/wp-json\/wp\/v2\/pages"}],"about":[{"href":"https:\/\/coldbet.website\/hr\/wp-json\/wp\/v2\/types\/page"}],"author":[{"embeddable":true,"href":"https:\/\/coldbet.website\/hr\/wp-json\/wp\/v2\/users\/1"}],"replies":[{"embeddable":true,"href":"https:\/\/coldbet.website\/hr\/wp-json\/wp\/v2\/comments?post=219"}],"version-history":[{"count":9,"href":"https:\/\/coldbet.website\/hr\/wp-json\/wp\/v2\/pages\/219\/revisions"}],"predecessor-version":[{"id":281,"href":"https:\/\/coldbet.website\/hr\/wp-json\/wp\/v2\/pages\/219\/revisions\/281"}],"wp:attachment":[{"href":"https:\/\/coldbet.website\/hr\/wp-json\/wp\/v2\/media?parent=219"}],"curies":[{"name":"wp","href":"https:\/\/api.w.org\/{rel}","templated":true}]}}